{"id":30015,"date":"2026-01-20T12:20:07","date_gmt":"2026-01-20T12:20:07","guid":{"rendered":"https:\/\/emprocy.com\/?page_id=30015"},"modified":"2026-01-20T12:21:31","modified_gmt":"2026-01-20T12:21:31","slug":"polityka-prywatnosci","status":"publish","type":"page","link":"https:\/\/emprocy.com\/de\/polityka-prywatnosci\/","title":{"rendered":"Datenschutzbestimmungen"},"content":{"rendered":"<div data-elementor-type=\"wp-page\" data-elementor-id=\"30015\" class=\"elementor elementor-30015\" data-elementor-post-type=\"page\">\n\t\t\t\t<div class=\"wd-negative-gap elementor-element elementor-element-270c869 e-flex e-con-boxed e-con e-parent\" data-id=\"270c869\" data-element_type=\"container\" data-e-type=\"container\">\n\t\t\t\t\t<div class=\"e-con-inner\">\n\t\t\t\t<div class=\"elementor-element elementor-element-bd01676 wd-width-100 elementor-widget elementor-widget-wd_title\" data-id=\"bd01676\" data-element_type=\"widget\" data-e-type=\"widget\" data-widget_type=\"wd_title.default\">\n\t\t\t\t<div class=\"elementor-widget-container\">\n\t\t\t\t\t\t\t<div class=\"title-wrapper wd-set-mb reset-last-child wd-title-color-primary wd-title-style-simple wd-title-size-custom text-left\">\n\n\t\t\t\n\t\t\t<div class=\"liner-continer\">\n\t\t\t\t<h4 class=\"woodmart-title-container title\">Polityka Prywatno\u015bci - emprocy.com<\/h4> \n\t\t\t\t\t\t\t<\/div>\n\n\t\t\t\t\t<\/div>\n\t\t\t\t\t\t<\/div>\n\t\t\t\t<\/div>\n\t\t\t\t\t<\/div>\n\t\t\t\t<\/div>\n\t\t<div class=\"wd-negative-gap elementor-element elementor-element-15c1f26 e-flex e-con-boxed e-con e-parent\" data-id=\"15c1f26\" data-element_type=\"container\" data-e-type=\"container\">\n\t\t\t\t\t<div class=\"e-con-inner\">\n\t\t\t\t<div class=\"elementor-element elementor-element-3cd0878 elementor-widget elementor-widget-wd_text_block\" data-id=\"3cd0878\" data-element_type=\"widget\" data-e-type=\"widget\" data-widget_type=\"wd_text_block.default\">\n\t\t\t\t<div class=\"elementor-widget-container\">\n\t\t\t\t\t\t\t<div class=\"wd-text-block reset-last-child text-left\">\n\t\t\t\n\t\t\t<h3 data-start=\"259\" data-end=\"287\"><strong data-start=\"263\" data-end=\"287\">1. Informacje og\u00f3lne<\/strong><\/h3><p data-start=\"288\" data-end=\"479\">Niniejsza Polityka Prywatno\u015bci okre\u015bla zasady przetwarzania i ochrony danych osobowych U\u017cytkownik\u00f3w w zwi\u0105zku z korzystaniem ze strony internetowej <strong data-start=\"436\" data-end=\"460\"><a class=\"decorated-link\" href=\"https:\/\/emprocy.com\/de\/\" target=\"_new\" rel=\"noopener\" data-start=\"438\" data-end=\"458\">https:\/\/emprocy.com\/<\/a><\/strong> (dalej: <em data-start=\"469\" data-end=\"477\">Strona<\/em>).<\/p><p data-start=\"481\" data-end=\"674\">Administratorem danych osobowych jest:<br data-start=\"519\" data-end=\"522\" \/><strong data-start=\"522\" data-end=\"548\">Em Pro Investments Ltd.<\/strong><br data-start=\"548\" data-end=\"551\" \/>z siedzib\u0105: <strong data-start=\"563\" data-end=\"610\">Eleftheriou Venizelou 63, Paphos 8021, Zypern<\/strong><br data-start=\"610\" data-end=\"613\" \/>e-mail: <strong data-start=\"621\" data-end=\"644\"><a class=\"decorated-link cursor-pointer\" rel=\"noopener\" data-start=\"623\" data-end=\"642\">contact@emprocy.com<\/a><\/strong><br data-start=\"644\" data-end=\"647\" \/>telefon: <strong data-start=\"656\" data-end=\"674\">+357 99 404800<\/strong><\/p><h3 data-start=\"676\" data-end=\"707\"><strong data-start=\"680\" data-end=\"707\">2. Dane, kt\u00f3re zbieramy<\/strong><\/h3><p data-start=\"708\" data-end=\"741\">Strona mo\u017ce zbiera\u0107 dane osobowe:<\/p><p data-start=\"743\" data-end=\"794\"><strong data-start=\"743\" data-end=\"792\">a) Dane podane dobrowolnie przez U\u017cytkownika:<\/strong><\/p><ul><li data-start=\"797\" data-end=\"815\">imi\u0119 i nazwisko,<\/li><li data-start=\"797\" data-end=\"815\">adres e-mail,<\/li><li data-start=\"797\" data-end=\"815\">numer telefonu,<\/li><li data-start=\"797\" data-end=\"815\">inne dane przekazane w formularzach kontaktowych.<\/li><\/ul><p data-start=\"907\" data-end=\"944\"><strong data-start=\"907\" data-end=\"942\">b) Dane zbierane automatycznie:<\/strong><\/p><ul><li data-start=\"947\" data-end=\"958\">adres IP,<\/li><li data-start=\"947\" data-end=\"958\">typ i wersja przegl\u0105darki,<\/li><li data-start=\"947\" data-end=\"958\">odwiedzone podstrony, czas sp\u0119dzony na stronie, \u017ar\u00f3d\u0142o ruchu,<\/li><li data-start=\"947\" data-end=\"958\">pliki cookies i podobne technologie.<\/li><\/ul><h3 data-start=\"1096\" data-end=\"1150\"><strong data-start=\"1100\" data-end=\"1150\">3. Cele i podstawy prawne przetwarzania danych<\/strong><\/h3><p data-start=\"1151\" data-end=\"1187\">Dane osobowe przetwarzane s\u0105 w celu:<\/p><ol data-start=\"1189\" data-end=\"1706\"><li data-start=\"1189\" data-end=\"1288\"><p data-start=\"1192\" data-end=\"1288\"><strong data-start=\"1192\" data-end=\"1239\">Realizacji us\u0142ug i kontaktu z U\u017cytkownikiem<\/strong><br data-start=\"1239\" data-end=\"1242\" \/>Podstawa prawna: art. 6 ust. 1 lit. b RODO.<\/p><\/li><li data-start=\"1290\" data-end=\"1429\"><p data-start=\"1293\" data-end=\"1429\"><strong data-start=\"1293\" data-end=\"1360\">Marketingu i przesy\u0142ania informacji handlowych (je\u017celi dotyczy)<\/strong><br data-start=\"1360\" data-end=\"1363\" \/>Podstawa prawna: art. 6 ust. 1 lit. a RODO (zgoda U\u017cytkownika).<\/p><\/li><li data-start=\"1431\" data-end=\"1586\"><p data-start=\"1434\" data-end=\"1586\"><strong data-start=\"1434\" data-end=\"1492\">Analizy statystycznej i poprawy funkcjonalno\u015bci Strony<\/strong><br data-start=\"1492\" data-end=\"1495\" \/>Podstawa prawna: art. 6 ust. 1 lit. f RODO (prawnie uzasadniony interes administratora).<\/p><\/li><li data-start=\"1588\" data-end=\"1706\"><p data-start=\"1591\" data-end=\"1706\"><strong data-start=\"1591\" data-end=\"1657\">Prowadzenia konta u\u017cytkownika lub newslettera (je\u017celi dotyczy)<\/strong><br data-start=\"1657\" data-end=\"1660\" \/>Podstawa prawna: art. 6 ust. 1 lit. b RODO.<\/p><\/li><\/ol><h3 data-start=\"1708\" data-end=\"1754\"><strong data-start=\"1712\" data-end=\"1754\">4. Pliki Cookies i technologie podobne<\/strong><\/h3><p data-start=\"1755\" data-end=\"1820\">Strona wykorzystuje pliki cookies i technologie podobne w celu:<\/p><ul><li data-start=\"1823\" data-end=\"1867\">zapewnienia prawid\u0142owego dzia\u0142ania Strony,<\/li><li data-start=\"1823\" data-end=\"1867\">analizy statystyk i ruchu na Stronie,<\/li><li data-start=\"1823\" data-end=\"1867\">personalizacji tre\u015bci i reklam.<\/li><\/ul><p data-start=\"1945\" data-end=\"2092\">U\u017cytkownik mo\u017ce zarz\u0105dza\u0107 ustawieniami cookies w przegl\u0105darce lub je wy\u0142\u0105czy\u0107. Wy\u0142\u0105czenie niekt\u00f3rych cookies mo\u017ce wp\u0142yn\u0105\u0107 na funkcjonalno\u015b\u0107 Strony.<\/p><h3 data-start=\"2094\" data-end=\"2125\"><strong data-start=\"2098\" data-end=\"2125\">5. Udost\u0119pnianie danych<\/strong><\/h3><p data-start=\"2126\" data-end=\"2161\">Dane osobowe mog\u0105 by\u0107 udost\u0119pniane:<\/p><ul><li data-start=\"2164\" data-end=\"2237\">dostawcom us\u0142ug niezb\u0119dnych do dzia\u0142ania Strony (hosting, wsparcie IT),<\/li><li data-start=\"2164\" data-end=\"2237\">podmiotom \u015bwiadcz\u0105cym us\u0142ugi marketingowe lub analityczne (np. Google Analytics),<\/li><li data-start=\"2164\" data-end=\"2237\">upowa\u017cnionym organom na podstawie obowi\u0105zuj\u0105cych przepis\u00f3w prawa.<\/li><\/ul><p data-start=\"2393\" data-end=\"2471\">Administrator nie sprzedaje ani nie wynajmuje danych osobowych osobom trzecim.<\/p><h3 data-start=\"2473\" data-end=\"2511\"><strong data-start=\"2477\" data-end=\"2511\">6. Okres przechowywania danych<\/strong><\/h3><p data-start=\"2512\" data-end=\"2544\">Dane osobowe przechowywane s\u0105:<\/p><ul><li data-start=\"2547\" data-end=\"2591\">przez okres niezb\u0119dny do realizacji cel\u00f3w,<\/li><li data-start=\"2547\" data-end=\"2591\">przez okres wymagany przepisami prawa,<\/li><li data-start=\"2547\" data-end=\"2591\">je\u017celi u\u017cytkownik wyrazi\u0142 zgod\u0119 - do momentu jej cofni\u0119cia.<\/li><\/ul><h3 data-start=\"2698\" data-end=\"2726\"><strong data-start=\"2702\" data-end=\"2726\">7. Prawa U\u017cytkownika<\/strong><\/h3><p data-start=\"2727\" data-end=\"2752\">U\u017cytkownik ma prawo do:<\/p><ul><li data-start=\"2755\" data-end=\"2782\">dost\u0119pu do swoich danych,<\/li><li data-start=\"2755\" data-end=\"2782\">sprostowania danych,<\/li><li data-start=\"2755\" data-end=\"2782\">usuni\u0119cia danych (\u201eprawo do bycia zapomnianym\u201d),<\/li><li data-start=\"2755\" data-end=\"2782\">ograniczenia przetwarzania danych,<\/li><li data-start=\"2755\" data-end=\"2782\">wniesienia sprzeciwu wobec przetwarzania,<\/li><li data-start=\"2755\" data-end=\"2782\">przenoszenia danych,<\/li><li data-start=\"2755\" data-end=\"2782\">wycofania zgody w dowolnym momencie.<\/li><\/ul><p data-start=\"3011\" data-end=\"3081\">W celu wykonania swoich praw prosimy pisa\u0107 na: <strong data-start=\"3058\" data-end=\"3081\"><a class=\"decorated-link cursor-pointer\" rel=\"noopener\" data-start=\"3060\" data-end=\"3079\">contact@emprocy.com<\/a><\/strong><\/p><h3 data-start=\"3083\" data-end=\"3126\"><strong data-start=\"3087\" data-end=\"3126\">8. Analityka i narz\u0119dzia zewn\u0119trzne<\/strong><\/h3><p data-start=\"3127\" data-end=\"3343\">Strona mo\u017ce korzysta\u0107 z narz\u0119dzi takich jak Google Analytics, kt\u00f3re zbieraj\u0105 anonimowe dane o u\u017cytkownikach. U\u017cytkownicy mog\u0105 zablokowa\u0107 zbieranie danych poprzez ustawienia przegl\u0105darki lub wtyczki blokuj\u0105ce cookies.<\/p><h3 data-start=\"3345\" data-end=\"3377\"><strong data-start=\"3349\" data-end=\"3377\">9. Bezpiecze\u0144stwo danych<\/strong><\/h3><p data-start=\"3378\" data-end=\"3530\">Administrator stosuje \u015brodki techniczne i organizacyjne w celu ochrony danych przed ich utrat\u0105, nieuprawnionym dost\u0119pem lub niepo\u017c\u0105danym wykorzystaniem.<\/p><h3 data-start=\"3532\" data-end=\"3573\"><strong data-start=\"3536\" data-end=\"3573\">10. Zmiany w Polityce Prywatno\u015bci<\/strong><\/h3><p data-start=\"3574\" data-end=\"3687\">Administrator zastrzega sobie prawo do zmian Polityki Prywatno\u015bci. Ka\u017cda zmiana zostanie opublikowana na Stronie.<\/p><h3 data-start=\"3689\" data-end=\"3708\"><strong data-start=\"3693\" data-end=\"3708\">11. Kontakt<\/strong><\/h3><p data-start=\"3709\" data-end=\"3901\">W sprawach dotycz\u0105cych Polityki Prywatno\u015bci prosimy o kontakt:<br data-start=\"3771\" data-end=\"3774\" \/><strong data-start=\"3777\" data-end=\"3800\"><a class=\"decorated-link cursor-pointer\" rel=\"noopener\" data-start=\"3779\" data-end=\"3798\">email: contact@emprocy.com<\/a><\/strong><br data-start=\"3800\" data-end=\"3803\" \/><strong data-start=\"3806\" data-end=\"3824\">tel.: +357 99 404800<\/strong><br data-start=\"3824\" data-end=\"3827\" \/><strong data-start=\"3830\" data-end=\"3901\">Em Pro Investments Ltd, Eleftheriou Venizelou 63, Paphos 8021, Cypr<\/strong><\/p>\n\t\t\t\t\t<\/div>\n\t\t\t\t\t\t<\/div>\n\t\t\t\t<\/div>\n\t\t\t\t\t<\/div>\n\t\t\t\t<\/div>\n\t\t\t\t<\/div>","protected":false},"excerpt":{"rendered":"<p>EM PRO Investments Ltd O Nas Jeste\u015bmy na miejscu &#8211; \u017cyjemy tu, znamy lokalny rynek i dzielimy si\u0119 do\u015bwiadczeniem. \u0141\u0105czymy<\/p>","protected":false},"author":3,"featured_media":0,"parent":0,"menu_order":0,"comment_status":"closed","ping_status":"closed","template":"","meta":{"_acf_changed":false,"footnotes":""},"class_list":["post-30015","page","type-page","status-publish","hentry"],"acf":[],"yoast_head":"<!-- This site is optimized with the Yoast SEO plugin v27.0 - https:\/\/yoast.com\/product\/yoast-seo-wordpress\/ -->\n<title>Polityka prywatno\u015bci - Inwestycje na Cyprze i Relokacja I EM PRO Investments<\/title>\n<meta name=\"description\" content=\"Poznaj EM PRO - ekspert\u00f3w w doradztwie inwestycyjnym i relokacji na Cyprze. Dowiedz si\u0119, jak do\u015bwiadczenie i lokalne know\u2011how pomagaj\u0105 inwestowa\u0107 i przeprowadza\u0107 si\u0119 bez stresu.\" \/>\n<meta name=\"robots\" content=\"index, follow, max-snippet:-1, max-image-preview:large, max-video-preview:-1\" \/>\n<link rel=\"canonical\" href=\"https:\/\/emprocy.com\/de\/polityka-prywatnosci\/\" \/>\n<meta property=\"og:locale\" content=\"de_DE\" \/>\n<meta property=\"og:type\" content=\"article\" \/>\n<meta property=\"og:title\" content=\"Polityka prywatno\u015bci - Inwestycje na Cyprze i Relokacja I EM PRO Investments\" \/>\n<meta property=\"og:description\" content=\"Poznaj EM PRO - ekspert\u00f3w w doradztwie inwestycyjnym i relokacji na Cyprze. Dowiedz si\u0119, jak do\u015bwiadczenie i lokalne know\u2011how pomagaj\u0105 inwestowa\u0107 i przeprowadza\u0107 si\u0119 bez stresu.\" \/>\n<meta property=\"og:url\" content=\"https:\/\/emprocy.com\/de\/polityka-prywatnosci\/\" \/>\n<meta property=\"og:site_name\" content=\"Inwestycje na Cyprze i Relokacja I EM PRO Investments\" \/>\n<meta property=\"article:modified_time\" content=\"2026-01-20T12:21:31+00:00\" \/>\n<meta property=\"og:image\" content=\"https:\/\/emprocy.com\/wp-content\/uploads\/2026\/01\/ewa-1.png\" \/>\n<meta name=\"twitter:card\" content=\"summary_large_image\" \/>\n<meta name=\"twitter:label1\" content=\"Gesch\u00e4tzte Lesezeit\" \/>\n\t<meta name=\"twitter:data1\" content=\"2\u00a0Minuten\" \/>\n<script type=\"application\/ld+json\" class=\"yoast-schema-graph\">{\"@context\":\"https:\/\/schema.org\",\"@graph\":[{\"@type\":\"WebPage\",\"@id\":\"https:\/\/emprocy.com\/de\/polityka-prywatnosci\/\",\"url\":\"https:\/\/emprocy.com\/de\/polityka-prywatnosci\/\",\"name\":\"Polityka prywatno\u015bci - Inwestycje na Cyprze i Relokacja I EM PRO Investments\",\"isPartOf\":{\"@id\":\"https:\/\/emprocy.com\/de\/#website\"},\"primaryImageOfPage\":{\"@id\":\"https:\/\/emprocy.com\/de\/polityka-prywatnosci\/#primaryimage\"},\"image\":{\"@id\":\"https:\/\/emprocy.com\/de\/polityka-prywatnosci\/#primaryimage\"},\"thumbnailUrl\":\"https:\/\/emprocy.com\/wp-content\/uploads\/2026\/01\/ewa-1.png\",\"datePublished\":\"2026-01-20T12:20:07+00:00\",\"dateModified\":\"2026-01-20T12:21:31+00:00\",\"description\":\"Poznaj EM PRO - ekspert\u00f3w w doradztwie inwestycyjnym i relokacji na Cyprze. Dowiedz si\u0119, jak do\u015bwiadczenie i lokalne know\u2011how pomagaj\u0105 inwestowa\u0107 i przeprowadza\u0107 si\u0119 bez stresu.\",\"breadcrumb\":{\"@id\":\"https:\/\/emprocy.com\/de\/polityka-prywatnosci\/#breadcrumb\"},\"inLanguage\":\"de\",\"potentialAction\":[{\"@type\":\"ReadAction\",\"target\":[\"https:\/\/emprocy.com\/de\/polityka-prywatnosci\/\"]}]},{\"@type\":\"ImageObject\",\"inLanguage\":\"de\",\"@id\":\"https:\/\/emprocy.com\/de\/polityka-prywatnosci\/#primaryimage\",\"url\":\"https:\/\/emprocy.com\/wp-content\/uploads\/2026\/01\/ewa-1.png\",\"contentUrl\":\"https:\/\/emprocy.com\/wp-content\/uploads\/2026\/01\/ewa-1.png\"},{\"@type\":\"BreadcrumbList\",\"@id\":\"https:\/\/emprocy.com\/de\/polityka-prywatnosci\/#breadcrumb\",\"itemListElement\":[{\"@type\":\"ListItem\",\"position\":1,\"name\":\"Strona g\u0142\u00f3wna\",\"item\":\"https:\/\/emprocy.com\/\"},{\"@type\":\"ListItem\",\"position\":2,\"name\":\"Polityka prywatno\u015bci\"}]},{\"@type\":\"WebSite\",\"@id\":\"https:\/\/emprocy.com\/de\/#website\",\"url\":\"https:\/\/emprocy.com\/de\/\",\"name\":\"Inwestycje na Cyprze i Relokacja I EM PRO Investments\",\"description\":\"Inwestycje na Cyprze i Relokacja I EM PRO Investments\",\"potentialAction\":[{\"@type\":\"SearchAction\",\"target\":{\"@type\":\"EntryPoint\",\"urlTemplate\":\"https:\/\/emprocy.com\/de\/?s={search_term_string}\"},\"query-input\":{\"@type\":\"PropertyValueSpecification\",\"valueRequired\":true,\"valueName\":\"search_term_string\"}}],\"inLanguage\":\"de\"}]}<\/script>\n<!-- \/ Yoast SEO plugin. -->","yoast_head_json":{"title":"Polityka prywatno\u015bci - Inwestycje na Cyprze i Relokacja I EM PRO Investments","description":"Poznaj EM PRO - ekspert\u00f3w w doradztwie inwestycyjnym i relokacji na Cyprze. Dowiedz si\u0119, jak do\u015bwiadczenie i lokalne know\u2011how pomagaj\u0105 inwestowa\u0107 i przeprowadza\u0107 si\u0119 bez stresu.","robots":{"index":"index","follow":"follow","max-snippet":"max-snippet:-1","max-image-preview":"max-image-preview:large","max-video-preview":"max-video-preview:-1"},"canonical":"https:\/\/emprocy.com\/de\/polityka-prywatnosci\/","og_locale":"de_DE","og_type":"article","og_title":"Polityka prywatno\u015bci - Inwestycje na Cyprze i Relokacja I EM PRO Investments","og_description":"Poznaj EM PRO - ekspert\u00f3w w doradztwie inwestycyjnym i relokacji na Cyprze. Dowiedz si\u0119, jak do\u015bwiadczenie i lokalne know\u2011how pomagaj\u0105 inwestowa\u0107 i przeprowadza\u0107 si\u0119 bez stresu.","og_url":"https:\/\/emprocy.com\/de\/polityka-prywatnosci\/","og_site_name":"Inwestycje na Cyprze i Relokacja I EM PRO Investments","article_modified_time":"2026-01-20T12:21:31+00:00","og_image":[{"url":"https:\/\/emprocy.com\/wp-content\/uploads\/2026\/01\/ewa-1.png","type":"","width":"","height":""}],"twitter_card":"summary_large_image","twitter_misc":{"Gesch\u00e4tzte Lesezeit":"2\u00a0Minuten"},"schema":{"@context":"https:\/\/schema.org","@graph":[{"@type":"WebPage","@id":"https:\/\/emprocy.com\/de\/polityka-prywatnosci\/","url":"https:\/\/emprocy.com\/de\/polityka-prywatnosci\/","name":"Polityka prywatno\u015bci - Inwestycje na Cyprze i Relokacja I EM PRO Investments","isPartOf":{"@id":"https:\/\/emprocy.com\/de\/#website"},"primaryImageOfPage":{"@id":"https:\/\/emprocy.com\/de\/polityka-prywatnosci\/#primaryimage"},"image":{"@id":"https:\/\/emprocy.com\/de\/polityka-prywatnosci\/#primaryimage"},"thumbnailUrl":"https:\/\/emprocy.com\/wp-content\/uploads\/2026\/01\/ewa-1.png","datePublished":"2026-01-20T12:20:07+00:00","dateModified":"2026-01-20T12:21:31+00:00","description":"Poznaj EM PRO - ekspert\u00f3w w doradztwie inwestycyjnym i relokacji na Cyprze. Dowiedz si\u0119, jak do\u015bwiadczenie i lokalne know\u2011how pomagaj\u0105 inwestowa\u0107 i przeprowadza\u0107 si\u0119 bez stresu.","breadcrumb":{"@id":"https:\/\/emprocy.com\/de\/polityka-prywatnosci\/#breadcrumb"},"inLanguage":"de","potentialAction":[{"@type":"ReadAction","target":["https:\/\/emprocy.com\/de\/polityka-prywatnosci\/"]}]},{"@type":"ImageObject","inLanguage":"de","@id":"https:\/\/emprocy.com\/de\/polityka-prywatnosci\/#primaryimage","url":"https:\/\/emprocy.com\/wp-content\/uploads\/2026\/01\/ewa-1.png","contentUrl":"https:\/\/emprocy.com\/wp-content\/uploads\/2026\/01\/ewa-1.png"},{"@type":"BreadcrumbList","@id":"https:\/\/emprocy.com\/de\/polityka-prywatnosci\/#breadcrumb","itemListElement":[{"@type":"ListItem","position":1,"name":"Strona g\u0142\u00f3wna","item":"https:\/\/emprocy.com\/"},{"@type":"ListItem","position":2,"name":"Polityka prywatno\u015bci"}]},{"@type":"WebSite","@id":"https:\/\/emprocy.com\/de\/#website","url":"https:\/\/emprocy.com\/de\/","name":"Inwestycje na Cyprze i Relokacja I EM PRO Investments","description":"Inwestycje na Cyprze i Relokacja I EM PRO Investments","potentialAction":[{"@type":"SearchAction","target":{"@type":"EntryPoint","urlTemplate":"https:\/\/emprocy.com\/de\/?s={search_term_string}"},"query-input":{"@type":"PropertyValueSpecification","valueRequired":true,"valueName":"search_term_string"}}],"inLanguage":"de"}]}},"_links":{"self":[{"href":"https:\/\/emprocy.com\/de\/wp-json\/wp\/v2\/pages\/30015","targetHints":{"allow":["GET"]}}],"collection":[{"href":"https:\/\/emprocy.com\/de\/wp-json\/wp\/v2\/pages"}],"about":[{"href":"https:\/\/emprocy.com\/de\/wp-json\/wp\/v2\/types\/page"}],"author":[{"embeddable":true,"href":"https:\/\/emprocy.com\/de\/wp-json\/wp\/v2\/users\/3"}],"replies":[{"embeddable":true,"href":"https:\/\/emprocy.com\/de\/wp-json\/wp\/v2\/comments?post=30015"}],"version-history":[{"count":4,"href":"https:\/\/emprocy.com\/de\/wp-json\/wp\/v2\/pages\/30015\/revisions"}],"predecessor-version":[{"id":30019,"href":"https:\/\/emprocy.com\/de\/wp-json\/wp\/v2\/pages\/30015\/revisions\/30019"}],"wp:attachment":[{"href":"https:\/\/emprocy.com\/de\/wp-json\/wp\/v2\/media?parent=30015"}],"curies":[{"name":"wp","href":"https:\/\/api.w.org\/{rel}","templated":true}]}}